{"id":1687,"date":"2024-12-19T16:54:04","date_gmt":"2024-12-19T15:54:04","guid":{"rendered":"https:\/\/littlevenise.fr\/?page_id=1687"},"modified":"2026-01-30T13:55:15","modified_gmt":"2026-01-30T12:55:15","slug":"studio","status":"publish","type":"page","link":"https:\/\/littlevenise.fr\/","title":{"rendered":"Agence de publicit\u00e9 et studio de cr\u00e9ation"},"content":{"rendered":"\n<p>Little Venise c\u2019est l\u2019agence de publicit\u00e9 et le studio de cr\u00e9ation au service de tous : annonceurs &amp; agences.<\/p>\n\n\n\n<p>On aime secouer et faire swinguer les id\u00e9es pour que votre publicit\u00e9 soit remarqu\u00e9e ! \u00a0<\/p>\n\n\n\n<p>On est une structure l\u00e9g\u00e8re, experte en communication et image de marque juste et efficace.<\/p>\n\n\n\n<p>Vous avez besoin de bonne com\u2019 \u2026 <strong><a href=\"https:\/\/littlevenise.fr\/index.php\/tous-les-contacts\/\" target=\"_blank\" rel=\"noreferrer noopener\">cliquez l\u00e0\u00a0!!<\/a><\/strong><\/p>\n\n\n\n<p>Little Venise collabore avec l&rsquo;agence voix publique<\/p>\n\n\n\n<figure class=\"wp-block-image size-full is-resized\"><a href=\"https:\/\/www.voixpublique.fr\" target=\"_blank\" rel=\" noreferrer noopener\"><img data-recalc-dims=\"1\" loading=\"lazy\" decoding=\"async\" width=\"525\" height=\"101\" data-attachment-id=\"1746\" data-permalink=\"https:\/\/littlevenise.fr\/index.php\/studio\/logovp\/\" data-orig-file=\"https:\/\/i0.wp.com\/littlevenise.fr\/wp-content\/uploads\/2024\/12\/LOGOVP.png?fit=921%2C177&amp;ssl=1\" data-orig-size=\"921,177\" data-comments-opened=\"0\" data-image-meta=\"{&quot;aperture&quot;:&quot;0&quot;,&quot;credit&quot;:&quot;&quot;,&quot;camera&quot;:&quot;&quot;,&quot;caption&quot;:&quot;&quot;,&quot;created_timestamp&quot;:&quot;0&quot;,&quot;copyright&quot;:&quot;&quot;,&quot;focal_length&quot;:&quot;0&quot;,&quot;iso&quot;:&quot;0&quot;,&quot;shutter_speed&quot;:&quot;0&quot;,&quot;title&quot;:&quot;&quot;,&quot;orientation&quot;:&quot;0&quot;}\" data-image-title=\"LOGOVP\" data-image-description=\"\" data-image-caption=\"\" data-large-file=\"https:\/\/i0.wp.com\/littlevenise.fr\/wp-content\/uploads\/2024\/12\/LOGOVP.png?fit=525%2C101&amp;ssl=1\" src=\"https:\/\/i0.wp.com\/littlevenise.fr\/wp-content\/uploads\/2024\/12\/LOGOVP.png?resize=525%2C101&#038;ssl=1\" alt=\"\" class=\"wp-image-1746\" style=\"width:216px;height:auto\" srcset=\"https:\/\/i0.wp.com\/littlevenise.fr\/wp-content\/uploads\/2024\/12\/LOGOVP.png?w=921&amp;ssl=1 921w, https:\/\/i0.wp.com\/littlevenise.fr\/wp-content\/uploads\/2024\/12\/LOGOVP.png?resize=300%2C58&amp;ssl=1 300w, https:\/\/i0.wp.com\/littlevenise.fr\/wp-content\/uploads\/2024\/12\/LOGOVP.png?resize=768%2C148&amp;ssl=1 768w\" sizes=\"auto, (max-width: 706px) 89vw, (max-width: 767px) 82vw, 740px\" \/><\/a><\/figure>\n","protected":false},"excerpt":{"rendered":"<p>Little Venise c\u2019est l\u2019agence de publicit\u00e9 et le studio de cr\u00e9ation au service de tous : annonceurs &amp; agences. On aime secouer et faire swinguer les id\u00e9es pour que votre publicit\u00e9 soit remarqu\u00e9e ! \u00a0 On est une structure l\u00e9g\u00e8re, experte en communication et image de marque juste et efficace. Vous avez besoin de bonne &hellip; <\/p>\n<p class=\"link-more\"><a href=\"https:\/\/littlevenise.fr\/\" class=\"more-link\">Continuer la lecture<span class=\"screen-reader-text\"> de &laquo;&nbsp;Agence de publicit\u00e9 et studio de cr\u00e9ation&nbsp;&raquo;<\/span><\/a><\/p>\n","protected":false},"author":2,"featured_media":0,"parent":0,"menu_order":0,"comment_status":"closed","ping_status":"closed","template":"","meta":{"_acf_changed":false,"footnotes":""},"class_list":["post-1687","page","type-page","status-publish","hentry"],"acf":[],"yoast_head":"<!-- This site is optimized with the Yoast SEO plugin v27.3 - https:\/\/yoast.com\/product\/yoast-seo-wordpress\/ -->\n<title>Agence de publicit\u00e9 et studio de cr\u00e9ation - Little Venise - Castres<\/title>\n<meta name=\"description\" content=\"Agence de publicit\u00e9 et studio de cr\u00e9ation \u00e0 Castres dans le Tarn. Expert en communication et image de marque juste et efficace . On aime secouer et faire swinguer les id\u00e9es pour que votre publicit\u00e9 soit remarqu\u00e9e ! \u00a0\" \/>\n<meta name=\"robots\" content=\"index, follow, max-snippet:-1, max-image-preview:large, max-video-preview:-1\" \/>\n<link rel=\"canonical\" href=\"https:\/\/littlevenise.fr\/\" \/>\n<meta property=\"og:locale\" content=\"fr_FR\" \/>\n<meta property=\"og:type\" content=\"article\" \/>\n<meta property=\"og:title\" content=\"Agence de publicit\u00e9 et studio de cr\u00e9ation - Little Venise - Castres\" \/>\n<meta property=\"og:description\" content=\"Agence de publicit\u00e9 et studio de cr\u00e9ation \u00e0 Castres dans le Tarn. Expert en communication et image de marque juste et efficace . On aime secouer et faire swinguer les id\u00e9es pour que votre publicit\u00e9 soit remarqu\u00e9e ! \u00a0\" \/>\n<meta property=\"og:url\" content=\"https:\/\/littlevenise.fr\/\" \/>\n<meta property=\"og:site_name\" content=\"Little Venise - Castres\" \/>\n<meta property=\"article:publisher\" content=\"https:\/\/www.facebook.com\/profile.php?id=61571976762357\" \/>\n<meta property=\"article:modified_time\" content=\"2026-01-30T12:55:15+00:00\" \/>\n<meta property=\"og:image\" content=\"https:\/\/littlevenise.fr\/wp-content\/uploads\/2024\/12\/LOGOVP.png\" \/>\n<meta name=\"twitter:card\" content=\"summary_large_image\" \/>\n<meta name=\"twitter:label1\" content=\"Dur\u00e9e de lecture estim\u00e9e\" \/>\n\t<meta name=\"twitter:data1\" content=\"1 minute\" \/>\n<script type=\"application\/ld+json\" class=\"yoast-schema-graph\">{\"@context\":\"https:\\\/\\\/schema.org\",\"@graph\":[{\"@type\":\"WebPage\",\"@id\":\"https:\\\/\\\/littlevenise.fr\\\/\",\"url\":\"https:\\\/\\\/littlevenise.fr\\\/\",\"name\":\"Agence de publicit\u00e9 et studio de cr\u00e9ation - Little Venise - Castres\",\"isPartOf\":{\"@id\":\"https:\\\/\\\/littlevenise.fr\\\/#website\"},\"primaryImageOfPage\":{\"@id\":\"https:\\\/\\\/littlevenise.fr\\\/#primaryimage\"},\"image\":{\"@id\":\"https:\\\/\\\/littlevenise.fr\\\/#primaryimage\"},\"thumbnailUrl\":\"https:\\\/\\\/littlevenise.fr\\\/wp-content\\\/uploads\\\/2024\\\/12\\\/LOGOVP.png\",\"datePublished\":\"2024-12-19T15:54:04+00:00\",\"dateModified\":\"2026-01-30T12:55:15+00:00\",\"description\":\"Agence de publicit\u00e9 et studio de cr\u00e9ation \u00e0 Castres dans le Tarn. Expert en communication et image de marque juste et efficace . On aime secouer et faire swinguer les id\u00e9es pour que votre publicit\u00e9 soit remarqu\u00e9e ! \u00a0\",\"breadcrumb\":{\"@id\":\"https:\\\/\\\/littlevenise.fr\\\/#breadcrumb\"},\"inLanguage\":\"fr-FR\",\"potentialAction\":[{\"@type\":\"ReadAction\",\"target\":[\"https:\\\/\\\/littlevenise.fr\\\/\"]}]},{\"@type\":\"ImageObject\",\"inLanguage\":\"fr-FR\",\"@id\":\"https:\\\/\\\/littlevenise.fr\\\/#primaryimage\",\"url\":\"https:\\\/\\\/i0.wp.com\\\/littlevenise.fr\\\/wp-content\\\/uploads\\\/2024\\\/12\\\/LOGOVP.png?fit=921%2C177&ssl=1\",\"contentUrl\":\"https:\\\/\\\/i0.wp.com\\\/littlevenise.fr\\\/wp-content\\\/uploads\\\/2024\\\/12\\\/LOGOVP.png?fit=921%2C177&ssl=1\",\"width\":921,\"height\":177},{\"@type\":\"BreadcrumbList\",\"@id\":\"https:\\\/\\\/littlevenise.fr\\\/#breadcrumb\",\"itemListElement\":[{\"@type\":\"ListItem\",\"position\":1,\"name\":\"Accueil\",\"item\":\"https:\\\/\\\/littlevenise.fr\\\/\"},{\"@type\":\"ListItem\",\"position\":2,\"name\":\"Agence de publicit\u00e9 et studio de cr\u00e9ation\"}]},{\"@type\":\"WebSite\",\"@id\":\"https:\\\/\\\/littlevenise.fr\\\/#website\",\"url\":\"https:\\\/\\\/littlevenise.fr\\\/\",\"name\":\"Agence de publicit\u00e9 et studio de cr\u00e9ation - Little Venise - Castres\",\"description\":\"Des id\u00e9es pour vous d\u00e9marquer.\",\"publisher\":{\"@id\":\"https:\\\/\\\/littlevenise.fr\\\/#organization\"},\"potentialAction\":[{\"@type\":\"SearchAction\",\"target\":{\"@type\":\"EntryPoint\",\"urlTemplate\":\"https:\\\/\\\/littlevenise.fr\\\/?s={search_term_string}\"},\"query-input\":{\"@type\":\"PropertyValueSpecification\",\"valueRequired\":true,\"valueName\":\"search_term_string\"}}],\"inLanguage\":\"fr-FR\"},{\"@type\":\"Organization\",\"@id\":\"https:\\\/\\\/littlevenise.fr\\\/#organization\",\"name\":\"Little Venise\",\"url\":\"https:\\\/\\\/littlevenise.fr\\\/\",\"logo\":{\"@type\":\"ImageObject\",\"inLanguage\":\"fr-FR\",\"@id\":\"https:\\\/\\\/littlevenise.fr\\\/#\\\/schema\\\/logo\\\/image\\\/\",\"url\":\"https:\\\/\\\/littlevenise.fr\\\/wp-content\\\/uploads\\\/2025\\\/02\\\/512x512-LITTLE-VENISE-V4.jpg\",\"contentUrl\":\"https:\\\/\\\/littlevenise.fr\\\/wp-content\\\/uploads\\\/2025\\\/02\\\/512x512-LITTLE-VENISE-V4.jpg\",\"width\":512,\"height\":512,\"caption\":\"Little Venise\"},\"image\":{\"@id\":\"https:\\\/\\\/littlevenise.fr\\\/#\\\/schema\\\/logo\\\/image\\\/\"},\"sameAs\":[\"https:\\\/\\\/www.facebook.com\\\/profile.php?id=61571976762357\",\"https:\\\/\\\/www.instagram.com\\\/little_venise\\\/\",\"https:\\\/\\\/www.linkedin.com\\\/company\\\/little-venise\\\/about\\\/?viewAsMember=true\"]}]}<\/script>\n<!-- \/ Yoast SEO plugin. -->","yoast_head_json":{"title":"Agence de publicit\u00e9 et studio de cr\u00e9ation - Little Venise - Castres","description":"Agence de publicit\u00e9 et studio de cr\u00e9ation \u00e0 Castres dans le Tarn. Expert en communication et image de marque juste et efficace . On aime secouer et faire swinguer les id\u00e9es pour que votre publicit\u00e9 soit remarqu\u00e9e ! \u00a0","robots":{"index":"index","follow":"follow","max-snippet":"max-snippet:-1","max-image-preview":"max-image-preview:large","max-video-preview":"max-video-preview:-1"},"canonical":"https:\/\/littlevenise.fr\/","og_locale":"fr_FR","og_type":"article","og_title":"Agence de publicit\u00e9 et studio de cr\u00e9ation - Little Venise - Castres","og_description":"Agence de publicit\u00e9 et studio de cr\u00e9ation \u00e0 Castres dans le Tarn. Expert en communication et image de marque juste et efficace . On aime secouer et faire swinguer les id\u00e9es pour que votre publicit\u00e9 soit remarqu\u00e9e ! \u00a0","og_url":"https:\/\/littlevenise.fr\/","og_site_name":"Little Venise - Castres","article_publisher":"https:\/\/www.facebook.com\/profile.php?id=61571976762357","article_modified_time":"2026-01-30T12:55:15+00:00","og_image":[{"url":"https:\/\/littlevenise.fr\/wp-content\/uploads\/2024\/12\/LOGOVP.png","type":"","width":"","height":""}],"twitter_card":"summary_large_image","twitter_misc":{"Dur\u00e9e de lecture estim\u00e9e":"1 minute"},"schema":{"@context":"https:\/\/schema.org","@graph":[{"@type":"WebPage","@id":"https:\/\/littlevenise.fr\/","url":"https:\/\/littlevenise.fr\/","name":"Agence de publicit\u00e9 et studio de cr\u00e9ation - Little Venise - Castres","isPartOf":{"@id":"https:\/\/littlevenise.fr\/#website"},"primaryImageOfPage":{"@id":"https:\/\/littlevenise.fr\/#primaryimage"},"image":{"@id":"https:\/\/littlevenise.fr\/#primaryimage"},"thumbnailUrl":"https:\/\/littlevenise.fr\/wp-content\/uploads\/2024\/12\/LOGOVP.png","datePublished":"2024-12-19T15:54:04+00:00","dateModified":"2026-01-30T12:55:15+00:00","description":"Agence de publicit\u00e9 et studio de cr\u00e9ation \u00e0 Castres dans le Tarn. Expert en communication et image de marque juste et efficace . On aime secouer et faire swinguer les id\u00e9es pour que votre publicit\u00e9 soit remarqu\u00e9e ! \u00a0","breadcrumb":{"@id":"https:\/\/littlevenise.fr\/#breadcrumb"},"inLanguage":"fr-FR","potentialAction":[{"@type":"ReadAction","target":["https:\/\/littlevenise.fr\/"]}]},{"@type":"ImageObject","inLanguage":"fr-FR","@id":"https:\/\/littlevenise.fr\/#primaryimage","url":"https:\/\/i0.wp.com\/littlevenise.fr\/wp-content\/uploads\/2024\/12\/LOGOVP.png?fit=921%2C177&ssl=1","contentUrl":"https:\/\/i0.wp.com\/littlevenise.fr\/wp-content\/uploads\/2024\/12\/LOGOVP.png?fit=921%2C177&ssl=1","width":921,"height":177},{"@type":"BreadcrumbList","@id":"https:\/\/littlevenise.fr\/#breadcrumb","itemListElement":[{"@type":"ListItem","position":1,"name":"Accueil","item":"https:\/\/littlevenise.fr\/"},{"@type":"ListItem","position":2,"name":"Agence de publicit\u00e9 et studio de cr\u00e9ation"}]},{"@type":"WebSite","@id":"https:\/\/littlevenise.fr\/#website","url":"https:\/\/littlevenise.fr\/","name":"Agence de publicit\u00e9 et studio de cr\u00e9ation - Little Venise - Castres","description":"Des id\u00e9es pour vous d\u00e9marquer.","publisher":{"@id":"https:\/\/littlevenise.fr\/#organization"},"potentialAction":[{"@type":"SearchAction","target":{"@type":"EntryPoint","urlTemplate":"https:\/\/littlevenise.fr\/?s={search_term_string}"},"query-input":{"@type":"PropertyValueSpecification","valueRequired":true,"valueName":"search_term_string"}}],"inLanguage":"fr-FR"},{"@type":"Organization","@id":"https:\/\/littlevenise.fr\/#organization","name":"Little Venise","url":"https:\/\/littlevenise.fr\/","logo":{"@type":"ImageObject","inLanguage":"fr-FR","@id":"https:\/\/littlevenise.fr\/#\/schema\/logo\/image\/","url":"https:\/\/littlevenise.fr\/wp-content\/uploads\/2025\/02\/512x512-LITTLE-VENISE-V4.jpg","contentUrl":"https:\/\/littlevenise.fr\/wp-content\/uploads\/2025\/02\/512x512-LITTLE-VENISE-V4.jpg","width":512,"height":512,"caption":"Little Venise"},"image":{"@id":"https:\/\/littlevenise.fr\/#\/schema\/logo\/image\/"},"sameAs":["https:\/\/www.facebook.com\/profile.php?id=61571976762357","https:\/\/www.instagram.com\/little_venise\/","https:\/\/www.linkedin.com\/company\/little-venise\/about\/?viewAsMember=true"]}]}},"jetpack_sharing_enabled":true,"jetpack_likes_enabled":true,"_links":{"self":[{"href":"https:\/\/littlevenise.fr\/index.php\/wp-json\/wp\/v2\/pages\/1687","targetHints":{"allow":["GET"]}}],"collection":[{"href":"https:\/\/littlevenise.fr\/index.php\/wp-json\/wp\/v2\/pages"}],"about":[{"href":"https:\/\/littlevenise.fr\/index.php\/wp-json\/wp\/v2\/types\/page"}],"author":[{"embeddable":true,"href":"https:\/\/littlevenise.fr\/index.php\/wp-json\/wp\/v2\/users\/2"}],"replies":[{"embeddable":true,"href":"https:\/\/littlevenise.fr\/index.php\/wp-json\/wp\/v2\/comments?post=1687"}],"version-history":[{"count":0,"href":"https:\/\/littlevenise.fr\/index.php\/wp-json\/wp\/v2\/pages\/1687\/revisions"}],"wp:attachment":[{"href":"https:\/\/littlevenise.fr\/index.php\/wp-json\/wp\/v2\/media?parent=1687"}],"curies":[{"name":"wp","href":"https:\/\/api.w.org\/{rel}","templated":true}]}}