{"id":2034,"date":"2025-02-14T16:42:34","date_gmt":"2025-02-14T15:42:34","guid":{"rendered":"https:\/\/littlevenise.fr\/?page_id=2034"},"modified":"2026-01-30T13:53:26","modified_gmt":"2026-01-30T12:53:26","slug":"mention-legales-et-politique-de-confidentialite-2","status":"publish","type":"page","link":"https:\/\/littlevenise.fr\/index.php\/mention-legales-et-politique-de-confidentialite-2\/","title":{"rendered":"Mentions l\u00e9gales &amp; politique de confidentialit\u00e9"},"content":{"rendered":"\n<h3 class=\"wp-block-heading\">Qui sommes-nous&nbsp;?<\/h3>\n\n\n\n<p>Site \u00e9dit\u00e9 par \u00ab\u00a0Little Venise\u00a0\u00bb,\u00a0<br>N\u00b0 SIRET \u00a0818 588 246 00012<br>Si\u00e8ge social : 5! Chemin de S\u00e9verac Village 81100 Castres<br>Num\u00e9ro de t\u00e9l\u00e9phone : 06 08094354<\/p>\n\n\n\n<p>Directeur de la publication : Thomas Drouet<\/p>\n\n\n\n<p>R\u00e9alisation :&nbsp;<a href=\"https:\/\/www.nose-store.com\/\" target=\"_blank\" rel=\"noreferrer noopener\">Little Venise<\/a><\/p>\n\n\n\n<h3 class=\"wp-block-heading\">Propri\u00e9t\u00e9 intellectuelle et contrefa\u00e7ons.<\/h3>\n\n\n\n<p><strong>Little Venise<\/strong>&nbsp;est propri\u00e9taire des droits de propri\u00e9t\u00e9 intellectuelle et d\u00e9tient les droits d\u2019usage sur tous les \u00e9l\u00e9ments accessibles sur le site internet, notamment les textes, images, graphismes, logos, vid\u00e9os, architecture, ic\u00f4nes et sons.<\/p>\n\n\n\n<p>Interdiction de toute reproduction, repr\u00e9sentation, modification, publication, adaptation de tout ou partie des \u00e9l\u00e9ments du site, quel que soit le moyen ou le proc\u00e9d\u00e9 utilis\u00e9, sauf autorisation \u00e9crite pr\u00e9alable de\u00a0Little Venise.<\/p>\n\n\n\n<p>Toute exploitation non autoris\u00e9e du site ou de tout \u00e9l\u00e9ments qu\u2019il contient sera consid\u00e9r\u00e9e comme constitutive d\u2019une contrefa\u00e7on et poursuivie conform\u00e9ment aux dispositions des articles\u00a0<a href=\"https:\/\/www.legifrance.gouv.fr\/affichCodeArticle.do?idArticle=LEGIARTI000032655082&amp;cidTexte=LEGITEXT000006069414&amp;dateTexte=20160605\" target=\"_blank\" rel=\"noreferrer noopener\">L.335-2 et suivants du Code de Propri\u00e9t\u00e9 Intellectuelle<\/a>.<\/p>\n\n\n\n<h2 class=\"wp-block-heading\">Commentaires<\/h2>\n\n\n\n<p>Quand vous laissez un commentaire sur notre site, nous collectons : les donn\u00e9es inscrites dans le formulaire de commentaire, ainsi que votre adresse IP et l\u2019agent utilisateur de votre navigateur pour nous aider \u00e0 la d\u00e9tection des commentaires ind\u00e9sirables.<\/p>\n\n\n\n<p>Une cha\u00eene anonymis\u00e9e cr\u00e9\u00e9e \u00e0 partir de votre adresse e-mail (\u00e9galement appel\u00e9e hash) peut \u00eatre envoy\u00e9e au service Gravatar pour v\u00e9rifier si vous utilisez ce dernier. Les clauses de confidentialit\u00e9 du service Gravatar sont disponibles ici&nbsp;: https:\/\/automattic.com\/privacy\/. Apr\u00e8s validation de votre commentaire, votre photo de profil sera visible publiquement \u00e0 cot\u00e9 de votre commentaire.<\/p>\n\n\n\n<h2 class=\"wp-block-heading\">M\u00e9dias<\/h2>\n\n\n\n<p>Si vous t\u00e9l\u00e9versez des images sur le site, nous vous conseillons d\u2019\u00e9viter de t\u00e9l\u00e9verser des images contenant des donn\u00e9es EXIF de coordonn\u00e9es GPS. Les personnes visitant votre site peuvent t\u00e9l\u00e9charger et extraire des donn\u00e9es de localisation depuis ces images.<\/p>\n\n\n\n<h2 class=\"wp-block-heading\">Cookies<\/h2>\n\n\n\n<p>Si vous d\u00e9posez un commentaire sur notre site, nous vous proposons d\u2019enregistrer votre nom, adresse e-mail et site dans des cookies. C\u2019est uniquement pour votre confort afin de ne pas avoir \u00e0 saisir ces informations si vous d\u00e9posez un autre commentaire plus tard. Ces cookies expirent au bout d\u2019un an.<\/p>\n\n\n\n<p>Si vous vous rendez sur la page de connexion, nous cr\u00e9ons un cookie temporaire afin de d\u00e9terminer si votre navigateur accepte les cookies. Il ne contient pas de donn\u00e9es personnelles et nous le supprimons automatiquement \u00e0 la fermeture de votre navigateur.<\/p>\n\n\n\n<p>Lorsque vous vous connecterez, nous mettrons en place un certain nombre de cookies pour enregistrer vos informations de connexion et vos pr\u00e9f\u00e9rences d\u2019\u00e9cran. La dur\u00e9e de vie d\u2019un cookie de connexion est de deux jours, celle d\u2019un cookie d\u2019option d\u2019\u00e9cran est d\u2019un an. Ce cookie ne comprend aucune donn\u00e9e personnelle. Il indique simplement l\u2019ID de la publication que vous venez de modifier. Il expire au bout d\u2019un jour.<\/p>\n\n\n\n<h2 class=\"wp-block-heading\">Contenu embarqu\u00e9 depuis d\u2019autres sites<\/h2>\n\n\n\n<p><strong><\/strong>Les articles de ce site peuvent inclure des contenus int\u00e9gr\u00e9s (par exemple des vid\u00e9os, images, articles\u2026). Le contenu int\u00e9gr\u00e9 depuis d\u2019autres sites se comporte de la m\u00eame mani\u00e8re que si le visiteur se rendait sur cet autre site.<\/p>\n\n\n\n<p>Ces sites web pourraient collecter des donn\u00e9es sur vous, utiliser des cookies, embarquer des outils de suivis tiers, suivre vos interactions avec ces contenus embarqu\u00e9s si vous disposez d\u2019un compte connect\u00e9 sur leur site web.<\/p>\n\n\n\n<h2 class=\"wp-block-heading\">Dur\u00e9es de stockage de vos donn\u00e9es<\/h2>\n\n\n\n<p>Si vous laissez un commentaire, nous conservons le commentaire et ses m\u00e9tadonn\u00e9es  ind\u00e9finiment. Cela permet de reconna\u00eetre et approuver automatiquement les commentaires suivants au lieu de les laisser dans la file de mod\u00e9ration.<\/p>\n\n\n\n<p>Pour les comptes qui s\u2019inscrivent sur notre site (le cas \u00e9ch\u00e9ant), nous stockons \u00e9galement les donn\u00e9es personnelles indiqu\u00e9es dans leur profil. Tous les comptes peuvent voir, modifier ou supprimer leurs informations personnelles \u00e0 tout moment (\u00e0 l\u2019exception de leur identifiant). Les gestionnaires du site peuvent aussi voir et modifier ces informations.<\/p>\n\n\n\n<h2 class=\"wp-block-heading\">Les droits que vous avez sur vos donn\u00e9es<\/h2>\n\n\n\n<p><strong><\/strong>Si vous avez un compte ou si vous avez laiss\u00e9 des commentaires sur le site, vous pouvez demander \u00e0 recevoir un fichier contenant toutes les donn\u00e9es personnelles que nous poss\u00e9dons \u00e0 votre sujet, incluant celles que vous nous avez fournies. Vous pouvez \u00e9galement demander la suppression des donn\u00e9es personnelles vous concernant. Cela ne prend pas en compte les donn\u00e9es stock\u00e9es \u00e0 des fins administratives, l\u00e9gales ou pour des raisons de s\u00e9curit\u00e9.<\/p>\n\n\n\n<h2 class=\"wp-block-heading\">O\u00f9 vos donn\u00e9es sont envoy\u00e9es<\/h2>\n\n\n\n<p>Nous utilisons un service automatis\u00e9 de d\u00e9tection des commentaires ind\u00e9sirables pour v\u00e9rifier les commentaires des visiteurs.<\/p>\n","protected":false},"excerpt":{"rendered":"<p>Qui sommes-nous&nbsp;? Site \u00e9dit\u00e9 par \u00ab\u00a0Little Venise\u00a0\u00bb,\u00a0N\u00b0 SIRET \u00a0818 588 246 00012Si\u00e8ge social : 5! Chemin de S\u00e9verac Village 81100 CastresNum\u00e9ro de t\u00e9l\u00e9phone : 06 08094354 Directeur de la publication : Thomas Drouet R\u00e9alisation :&nbsp;Little Venise Propri\u00e9t\u00e9 intellectuelle et contrefa\u00e7ons. Little Venise&nbsp;est propri\u00e9taire des droits de propri\u00e9t\u00e9 intellectuelle et d\u00e9tient les droits d\u2019usage sur tous &hellip; <\/p>\n<p class=\"link-more\"><a href=\"https:\/\/littlevenise.fr\/index.php\/mention-legales-et-politique-de-confidentialite-2\/\" class=\"more-link\">Continuer la lecture<span class=\"screen-reader-text\"> de &laquo;&nbsp;Mentions l\u00e9gales &amp; politique de confidentialit\u00e9&nbsp;&raquo;<\/span><\/a><\/p>\n","protected":false},"author":2,"featured_media":0,"parent":0,"menu_order":0,"comment_status":"closed","ping_status":"closed","template":"","meta":{"_acf_changed":false,"footnotes":""},"class_list":["post-2034","page","type-page","status-publish","hentry"],"acf":[],"yoast_head":"<!-- This site is optimized with the Yoast SEO plugin v27.4 - https:\/\/yoast.com\/product\/yoast-seo-wordpress\/ -->\n<title>Mentions l\u00e9gales &amp; politique de confidentialit\u00e9 - Little Venise - Castres<\/title>\n<meta name=\"description\" content=\"Mentions l\u00e9gales &amp; politique de confidentialit\u00e9. La transparence et la s\u00e9curit\u00e9 sont essentielles dans notre engagement.\" \/>\n<meta name=\"robots\" content=\"index, follow, max-snippet:-1, max-image-preview:large, max-video-preview:-1\" \/>\n<link rel=\"canonical\" href=\"https:\/\/littlevenise.fr\/index.php\/mention-legales-et-politique-de-confidentialite-2\/\" \/>\n<meta property=\"og:locale\" content=\"fr_FR\" \/>\n<meta property=\"og:type\" content=\"article\" \/>\n<meta property=\"og:title\" content=\"Mentions l\u00e9gales &amp; politique de confidentialit\u00e9 - Little Venise - Castres\" \/>\n<meta property=\"og:description\" content=\"Mentions l\u00e9gales &amp; politique de confidentialit\u00e9. La transparence et la s\u00e9curit\u00e9 sont essentielles dans notre engagement.\" \/>\n<meta property=\"og:url\" content=\"https:\/\/littlevenise.fr\/index.php\/mention-legales-et-politique-de-confidentialite-2\/\" \/>\n<meta property=\"og:site_name\" content=\"Little Venise - Castres\" \/>\n<meta property=\"article:publisher\" content=\"https:\/\/www.facebook.com\/profile.php?id=61571976762357\" \/>\n<meta property=\"article:modified_time\" content=\"2026-01-30T12:53:26+00:00\" \/>\n<meta property=\"og:image\" content=\"https:\/\/i0.wp.com\/littlevenise.fr\/wp-content\/uploads\/2025\/04\/1200x675-SEO.jpg?fit=1200%2C675&ssl=1\" \/>\n\t<meta property=\"og:image:width\" content=\"1200\" \/>\n\t<meta property=\"og:image:height\" content=\"675\" \/>\n\t<meta property=\"og:image:type\" content=\"image\/jpeg\" \/>\n<meta name=\"twitter:card\" content=\"summary_large_image\" \/>\n<meta name=\"twitter:label1\" content=\"Dur\u00e9e de lecture estim\u00e9e\" \/>\n\t<meta name=\"twitter:data1\" content=\"4 minutes\" \/>\n<script type=\"application\/ld+json\" class=\"yoast-schema-graph\">{\"@context\":\"https:\\\/\\\/schema.org\",\"@graph\":[{\"@type\":\"WebPage\",\"@id\":\"https:\\\/\\\/littlevenise.fr\\\/index.php\\\/mention-legales-et-politique-de-confidentialite-2\\\/\",\"url\":\"https:\\\/\\\/littlevenise.fr\\\/index.php\\\/mention-legales-et-politique-de-confidentialite-2\\\/\",\"name\":\"Mentions l\u00e9gales &amp; politique de confidentialit\u00e9 - Little Venise - Castres\",\"isPartOf\":{\"@id\":\"https:\\\/\\\/littlevenise.fr\\\/#website\"},\"datePublished\":\"2025-02-14T15:42:34+00:00\",\"dateModified\":\"2026-01-30T12:53:26+00:00\",\"description\":\"Mentions l\u00e9gales & politique de confidentialit\u00e9. La transparence et la s\u00e9curit\u00e9 sont essentielles dans notre engagement.\",\"breadcrumb\":{\"@id\":\"https:\\\/\\\/littlevenise.fr\\\/index.php\\\/mention-legales-et-politique-de-confidentialite-2\\\/#breadcrumb\"},\"inLanguage\":\"fr-FR\",\"potentialAction\":[{\"@type\":\"ReadAction\",\"target\":[\"https:\\\/\\\/littlevenise.fr\\\/index.php\\\/mention-legales-et-politique-de-confidentialite-2\\\/\"]}]},{\"@type\":\"BreadcrumbList\",\"@id\":\"https:\\\/\\\/littlevenise.fr\\\/index.php\\\/mention-legales-et-politique-de-confidentialite-2\\\/#breadcrumb\",\"itemListElement\":[{\"@type\":\"ListItem\",\"position\":1,\"name\":\"Accueil\",\"item\":\"https:\\\/\\\/littlevenise.fr\\\/\"},{\"@type\":\"ListItem\",\"position\":2,\"name\":\"Mentions l\u00e9gales &amp; politique de confidentialit\u00e9\"}]},{\"@type\":\"WebSite\",\"@id\":\"https:\\\/\\\/littlevenise.fr\\\/#website\",\"url\":\"https:\\\/\\\/littlevenise.fr\\\/\",\"name\":\"Agence de publicit\u00e9 et studio de cr\u00e9ation - Little Venise - Castres\",\"description\":\"Des id\u00e9es pour vous d\u00e9marquer.\",\"publisher\":{\"@id\":\"https:\\\/\\\/littlevenise.fr\\\/#organization\"},\"potentialAction\":[{\"@type\":\"SearchAction\",\"target\":{\"@type\":\"EntryPoint\",\"urlTemplate\":\"https:\\\/\\\/littlevenise.fr\\\/?s={search_term_string}\"},\"query-input\":{\"@type\":\"PropertyValueSpecification\",\"valueRequired\":true,\"valueName\":\"search_term_string\"}}],\"inLanguage\":\"fr-FR\"},{\"@type\":\"Organization\",\"@id\":\"https:\\\/\\\/littlevenise.fr\\\/#organization\",\"name\":\"Little Venise\",\"url\":\"https:\\\/\\\/littlevenise.fr\\\/\",\"logo\":{\"@type\":\"ImageObject\",\"inLanguage\":\"fr-FR\",\"@id\":\"https:\\\/\\\/littlevenise.fr\\\/#\\\/schema\\\/logo\\\/image\\\/\",\"url\":\"https:\\\/\\\/littlevenise.fr\\\/wp-content\\\/uploads\\\/2025\\\/02\\\/512x512-LITTLE-VENISE-V4.jpg\",\"contentUrl\":\"https:\\\/\\\/littlevenise.fr\\\/wp-content\\\/uploads\\\/2025\\\/02\\\/512x512-LITTLE-VENISE-V4.jpg\",\"width\":512,\"height\":512,\"caption\":\"Little Venise\"},\"image\":{\"@id\":\"https:\\\/\\\/littlevenise.fr\\\/#\\\/schema\\\/logo\\\/image\\\/\"},\"sameAs\":[\"https:\\\/\\\/www.facebook.com\\\/profile.php?id=61571976762357\",\"https:\\\/\\\/www.instagram.com\\\/little_venise\\\/\",\"https:\\\/\\\/www.linkedin.com\\\/company\\\/little-venise\\\/about\\\/?viewAsMember=true\"]}]}<\/script>\n<!-- \/ Yoast SEO plugin. -->","yoast_head_json":{"title":"Mentions l\u00e9gales &amp; politique de confidentialit\u00e9 - Little Venise - Castres","description":"Mentions l\u00e9gales & politique de confidentialit\u00e9. La transparence et la s\u00e9curit\u00e9 sont essentielles dans notre engagement.","robots":{"index":"index","follow":"follow","max-snippet":"max-snippet:-1","max-image-preview":"max-image-preview:large","max-video-preview":"max-video-preview:-1"},"canonical":"https:\/\/littlevenise.fr\/index.php\/mention-legales-et-politique-de-confidentialite-2\/","og_locale":"fr_FR","og_type":"article","og_title":"Mentions l\u00e9gales &amp; politique de confidentialit\u00e9 - Little Venise - Castres","og_description":"Mentions l\u00e9gales & politique de confidentialit\u00e9. La transparence et la s\u00e9curit\u00e9 sont essentielles dans notre engagement.","og_url":"https:\/\/littlevenise.fr\/index.php\/mention-legales-et-politique-de-confidentialite-2\/","og_site_name":"Little Venise - Castres","article_publisher":"https:\/\/www.facebook.com\/profile.php?id=61571976762357","article_modified_time":"2026-01-30T12:53:26+00:00","og_image":[{"width":1200,"height":675,"url":"https:\/\/i0.wp.com\/littlevenise.fr\/wp-content\/uploads\/2025\/04\/1200x675-SEO.jpg?fit=1200%2C675&ssl=1","type":"image\/jpeg"}],"twitter_card":"summary_large_image","twitter_misc":{"Dur\u00e9e de lecture estim\u00e9e":"4 minutes"},"schema":{"@context":"https:\/\/schema.org","@graph":[{"@type":"WebPage","@id":"https:\/\/littlevenise.fr\/index.php\/mention-legales-et-politique-de-confidentialite-2\/","url":"https:\/\/littlevenise.fr\/index.php\/mention-legales-et-politique-de-confidentialite-2\/","name":"Mentions l\u00e9gales &amp; politique de confidentialit\u00e9 - Little Venise - Castres","isPartOf":{"@id":"https:\/\/littlevenise.fr\/#website"},"datePublished":"2025-02-14T15:42:34+00:00","dateModified":"2026-01-30T12:53:26+00:00","description":"Mentions l\u00e9gales & politique de confidentialit\u00e9. La transparence et la s\u00e9curit\u00e9 sont essentielles dans notre engagement.","breadcrumb":{"@id":"https:\/\/littlevenise.fr\/index.php\/mention-legales-et-politique-de-confidentialite-2\/#breadcrumb"},"inLanguage":"fr-FR","potentialAction":[{"@type":"ReadAction","target":["https:\/\/littlevenise.fr\/index.php\/mention-legales-et-politique-de-confidentialite-2\/"]}]},{"@type":"BreadcrumbList","@id":"https:\/\/littlevenise.fr\/index.php\/mention-legales-et-politique-de-confidentialite-2\/#breadcrumb","itemListElement":[{"@type":"ListItem","position":1,"name":"Accueil","item":"https:\/\/littlevenise.fr\/"},{"@type":"ListItem","position":2,"name":"Mentions l\u00e9gales &amp; politique de confidentialit\u00e9"}]},{"@type":"WebSite","@id":"https:\/\/littlevenise.fr\/#website","url":"https:\/\/littlevenise.fr\/","name":"Agence de publicit\u00e9 et studio de cr\u00e9ation - Little Venise - Castres","description":"Des id\u00e9es pour vous d\u00e9marquer.","publisher":{"@id":"https:\/\/littlevenise.fr\/#organization"},"potentialAction":[{"@type":"SearchAction","target":{"@type":"EntryPoint","urlTemplate":"https:\/\/littlevenise.fr\/?s={search_term_string}"},"query-input":{"@type":"PropertyValueSpecification","valueRequired":true,"valueName":"search_term_string"}}],"inLanguage":"fr-FR"},{"@type":"Organization","@id":"https:\/\/littlevenise.fr\/#organization","name":"Little Venise","url":"https:\/\/littlevenise.fr\/","logo":{"@type":"ImageObject","inLanguage":"fr-FR","@id":"https:\/\/littlevenise.fr\/#\/schema\/logo\/image\/","url":"https:\/\/littlevenise.fr\/wp-content\/uploads\/2025\/02\/512x512-LITTLE-VENISE-V4.jpg","contentUrl":"https:\/\/littlevenise.fr\/wp-content\/uploads\/2025\/02\/512x512-LITTLE-VENISE-V4.jpg","width":512,"height":512,"caption":"Little Venise"},"image":{"@id":"https:\/\/littlevenise.fr\/#\/schema\/logo\/image\/"},"sameAs":["https:\/\/www.facebook.com\/profile.php?id=61571976762357","https:\/\/www.instagram.com\/little_venise\/","https:\/\/www.linkedin.com\/company\/little-venise\/about\/?viewAsMember=true"]}]}},"jetpack_sharing_enabled":true,"jetpack_likes_enabled":true,"_links":{"self":[{"href":"https:\/\/littlevenise.fr\/index.php\/wp-json\/wp\/v2\/pages\/2034","targetHints":{"allow":["GET"]}}],"collection":[{"href":"https:\/\/littlevenise.fr\/index.php\/wp-json\/wp\/v2\/pages"}],"about":[{"href":"https:\/\/littlevenise.fr\/index.php\/wp-json\/wp\/v2\/types\/page"}],"author":[{"embeddable":true,"href":"https:\/\/littlevenise.fr\/index.php\/wp-json\/wp\/v2\/users\/2"}],"replies":[{"embeddable":true,"href":"https:\/\/littlevenise.fr\/index.php\/wp-json\/wp\/v2\/comments?post=2034"}],"version-history":[{"count":0,"href":"https:\/\/littlevenise.fr\/index.php\/wp-json\/wp\/v2\/pages\/2034\/revisions"}],"wp:attachment":[{"href":"https:\/\/littlevenise.fr\/index.php\/wp-json\/wp\/v2\/media?parent=2034"}],"curies":[{"name":"wp","href":"https:\/\/api.w.org\/{rel}","templated":true}]}}