{"id":3778,"date":"2026-04-13T14:26:55","date_gmt":"2026-04-13T12:26:55","guid":{"rendered":"https:\/\/littlevenise.fr\/?page_id=3778"},"modified":"2026-04-13T14:27:01","modified_gmt":"2026-04-13T12:27:01","slug":"communication-publique","status":"publish","type":"page","link":"https:\/\/littlevenise.fr\/index.php\/communication-publique\/","title":{"rendered":"Communication Publique"},"content":{"rendered":"\n<p class=\"has-text-align-center\">Parce que la communication publique m\u00e9rite de la bonne communication !<\/p>\n\n\n\n","protected":false},"excerpt":{"rendered":"<p>Parce que la communication publique m\u00e9rite de la bonne communication !<\/p>\n","protected":false},"author":2,"featured_media":3760,"parent":0,"menu_order":0,"comment_status":"closed","ping_status":"closed","template":"","meta":{"_acf_changed":false,"footnotes":""},"class_list":["post-3778","page","type-page","status-publish","has-post-thumbnail","hentry"],"acf":[],"yoast_head":"<!-- This site is optimized with the Yoast SEO plugin v27.3 - https:\/\/yoast.com\/product\/yoast-seo-wordpress\/ -->\n<title>Communication Publique - Little Venise - Castres<\/title>\n<meta name=\"description\" content=\"Parce que la communication publique m\u00e9rite de la bonne communication !\" \/>\n<meta name=\"robots\" content=\"index, follow, max-snippet:-1, max-image-preview:large, max-video-preview:-1\" \/>\n<link rel=\"canonical\" href=\"https:\/\/littlevenise.fr\/index.php\/communication-publique\/\" \/>\n<meta property=\"og:locale\" content=\"fr_FR\" \/>\n<meta property=\"og:type\" content=\"article\" \/>\n<meta property=\"og:title\" content=\"Communication Publique - Little Venise - Castres\" \/>\n<meta property=\"og:description\" content=\"Parce que la communication publique m\u00e9rite de la bonne communication !\" \/>\n<meta property=\"og:url\" content=\"https:\/\/littlevenise.fr\/index.php\/communication-publique\/\" \/>\n<meta property=\"og:site_name\" content=\"Little Venise - Castres\" \/>\n<meta property=\"article:publisher\" content=\"https:\/\/www.facebook.com\/profile.php?id=61571976762357\" \/>\n<meta property=\"article:modified_time\" content=\"2026-04-13T12:27:01+00:00\" \/>\n<meta property=\"og:image\" content=\"https:\/\/littlevenise.fr\/wp-content\/uploads\/2026\/04\/2000x1200-LITTLEVENISE-PUBLIQUE.gif\" \/>\n\t<meta property=\"og:image:width\" content=\"2000\" \/>\n\t<meta property=\"og:image:height\" content=\"1200\" \/>\n\t<meta property=\"og:image:type\" content=\"image\/gif\" \/>\n<meta name=\"twitter:card\" content=\"summary_large_image\" \/>\n<meta name=\"twitter:label1\" content=\"Dur\u00e9e de lecture estim\u00e9e\" \/>\n\t<meta name=\"twitter:data1\" content=\"1 minute\" \/>\n<script type=\"application\/ld+json\" class=\"yoast-schema-graph\">{\"@context\":\"https:\\\/\\\/schema.org\",\"@graph\":[{\"@type\":\"WebPage\",\"@id\":\"https:\\\/\\\/littlevenise.fr\\\/index.php\\\/communication-publique\\\/\",\"url\":\"https:\\\/\\\/littlevenise.fr\\\/index.php\\\/communication-publique\\\/\",\"name\":\"Communication Publique - Little Venise - Castres\",\"isPartOf\":{\"@id\":\"https:\\\/\\\/littlevenise.fr\\\/#website\"},\"primaryImageOfPage\":{\"@id\":\"https:\\\/\\\/littlevenise.fr\\\/index.php\\\/communication-publique\\\/#primaryimage\"},\"image\":{\"@id\":\"https:\\\/\\\/littlevenise.fr\\\/index.php\\\/communication-publique\\\/#primaryimage\"},\"thumbnailUrl\":\"https:\\\/\\\/i0.wp.com\\\/littlevenise.fr\\\/wp-content\\\/uploads\\\/2026\\\/04\\\/2000x1200-LITTLEVENISE-PUBLIQUE.gif?fit=2000%2C1200&ssl=1\",\"datePublished\":\"2026-04-13T12:26:55+00:00\",\"dateModified\":\"2026-04-13T12:27:01+00:00\",\"description\":\"Parce que la communication publique m\u00e9rite de la bonne communication !\",\"breadcrumb\":{\"@id\":\"https:\\\/\\\/littlevenise.fr\\\/index.php\\\/communication-publique\\\/#breadcrumb\"},\"inLanguage\":\"fr-FR\",\"potentialAction\":[{\"@type\":\"ReadAction\",\"target\":[\"https:\\\/\\\/littlevenise.fr\\\/index.php\\\/communication-publique\\\/\"]}]},{\"@type\":\"ImageObject\",\"inLanguage\":\"fr-FR\",\"@id\":\"https:\\\/\\\/littlevenise.fr\\\/index.php\\\/communication-publique\\\/#primaryimage\",\"url\":\"https:\\\/\\\/i0.wp.com\\\/littlevenise.fr\\\/wp-content\\\/uploads\\\/2026\\\/04\\\/2000x1200-LITTLEVENISE-PUBLIQUE.gif?fit=2000%2C1200&ssl=1\",\"contentUrl\":\"https:\\\/\\\/i0.wp.com\\\/littlevenise.fr\\\/wp-content\\\/uploads\\\/2026\\\/04\\\/2000x1200-LITTLEVENISE-PUBLIQUE.gif?fit=2000%2C1200&ssl=1\",\"width\":2000,\"height\":1200},{\"@type\":\"BreadcrumbList\",\"@id\":\"https:\\\/\\\/littlevenise.fr\\\/index.php\\\/communication-publique\\\/#breadcrumb\",\"itemListElement\":[{\"@type\":\"ListItem\",\"position\":1,\"name\":\"Accueil\",\"item\":\"https:\\\/\\\/littlevenise.fr\\\/\"},{\"@type\":\"ListItem\",\"position\":2,\"name\":\"Communication Publique\"}]},{\"@type\":\"WebSite\",\"@id\":\"https:\\\/\\\/littlevenise.fr\\\/#website\",\"url\":\"https:\\\/\\\/littlevenise.fr\\\/\",\"name\":\"Agence de publicit\u00e9 et studio de cr\u00e9ation - Little Venise - Castres\",\"description\":\"Des id\u00e9es pour vous d\u00e9marquer.\",\"publisher\":{\"@id\":\"https:\\\/\\\/littlevenise.fr\\\/#organization\"},\"potentialAction\":[{\"@type\":\"SearchAction\",\"target\":{\"@type\":\"EntryPoint\",\"urlTemplate\":\"https:\\\/\\\/littlevenise.fr\\\/?s={search_term_string}\"},\"query-input\":{\"@type\":\"PropertyValueSpecification\",\"valueRequired\":true,\"valueName\":\"search_term_string\"}}],\"inLanguage\":\"fr-FR\"},{\"@type\":\"Organization\",\"@id\":\"https:\\\/\\\/littlevenise.fr\\\/#organization\",\"name\":\"Little Venise\",\"url\":\"https:\\\/\\\/littlevenise.fr\\\/\",\"logo\":{\"@type\":\"ImageObject\",\"inLanguage\":\"fr-FR\",\"@id\":\"https:\\\/\\\/littlevenise.fr\\\/#\\\/schema\\\/logo\\\/image\\\/\",\"url\":\"https:\\\/\\\/littlevenise.fr\\\/wp-content\\\/uploads\\\/2025\\\/02\\\/512x512-LITTLE-VENISE-V4.jpg\",\"contentUrl\":\"https:\\\/\\\/littlevenise.fr\\\/wp-content\\\/uploads\\\/2025\\\/02\\\/512x512-LITTLE-VENISE-V4.jpg\",\"width\":512,\"height\":512,\"caption\":\"Little Venise\"},\"image\":{\"@id\":\"https:\\\/\\\/littlevenise.fr\\\/#\\\/schema\\\/logo\\\/image\\\/\"},\"sameAs\":[\"https:\\\/\\\/www.facebook.com\\\/profile.php?id=61571976762357\",\"https:\\\/\\\/www.instagram.com\\\/little_venise\\\/\",\"https:\\\/\\\/www.linkedin.com\\\/company\\\/little-venise\\\/about\\\/?viewAsMember=true\"]}]}<\/script>\n<!-- \/ Yoast SEO plugin. -->","yoast_head_json":{"title":"Communication Publique - Little Venise - Castres","description":"Parce que la communication publique m\u00e9rite de la bonne communication !","robots":{"index":"index","follow":"follow","max-snippet":"max-snippet:-1","max-image-preview":"max-image-preview:large","max-video-preview":"max-video-preview:-1"},"canonical":"https:\/\/littlevenise.fr\/index.php\/communication-publique\/","og_locale":"fr_FR","og_type":"article","og_title":"Communication Publique - Little Venise - Castres","og_description":"Parce que la communication publique m\u00e9rite de la bonne communication !","og_url":"https:\/\/littlevenise.fr\/index.php\/communication-publique\/","og_site_name":"Little Venise - Castres","article_publisher":"https:\/\/www.facebook.com\/profile.php?id=61571976762357","article_modified_time":"2026-04-13T12:27:01+00:00","og_image":[{"width":2000,"height":1200,"url":"https:\/\/littlevenise.fr\/wp-content\/uploads\/2026\/04\/2000x1200-LITTLEVENISE-PUBLIQUE.gif","type":"image\/gif"}],"twitter_card":"summary_large_image","twitter_misc":{"Dur\u00e9e de lecture estim\u00e9e":"1 minute"},"schema":{"@context":"https:\/\/schema.org","@graph":[{"@type":"WebPage","@id":"https:\/\/littlevenise.fr\/index.php\/communication-publique\/","url":"https:\/\/littlevenise.fr\/index.php\/communication-publique\/","name":"Communication Publique - Little Venise - Castres","isPartOf":{"@id":"https:\/\/littlevenise.fr\/#website"},"primaryImageOfPage":{"@id":"https:\/\/littlevenise.fr\/index.php\/communication-publique\/#primaryimage"},"image":{"@id":"https:\/\/littlevenise.fr\/index.php\/communication-publique\/#primaryimage"},"thumbnailUrl":"https:\/\/i0.wp.com\/littlevenise.fr\/wp-content\/uploads\/2026\/04\/2000x1200-LITTLEVENISE-PUBLIQUE.gif?fit=2000%2C1200&ssl=1","datePublished":"2026-04-13T12:26:55+00:00","dateModified":"2026-04-13T12:27:01+00:00","description":"Parce que la communication publique m\u00e9rite de la bonne communication !","breadcrumb":{"@id":"https:\/\/littlevenise.fr\/index.php\/communication-publique\/#breadcrumb"},"inLanguage":"fr-FR","potentialAction":[{"@type":"ReadAction","target":["https:\/\/littlevenise.fr\/index.php\/communication-publique\/"]}]},{"@type":"ImageObject","inLanguage":"fr-FR","@id":"https:\/\/littlevenise.fr\/index.php\/communication-publique\/#primaryimage","url":"https:\/\/i0.wp.com\/littlevenise.fr\/wp-content\/uploads\/2026\/04\/2000x1200-LITTLEVENISE-PUBLIQUE.gif?fit=2000%2C1200&ssl=1","contentUrl":"https:\/\/i0.wp.com\/littlevenise.fr\/wp-content\/uploads\/2026\/04\/2000x1200-LITTLEVENISE-PUBLIQUE.gif?fit=2000%2C1200&ssl=1","width":2000,"height":1200},{"@type":"BreadcrumbList","@id":"https:\/\/littlevenise.fr\/index.php\/communication-publique\/#breadcrumb","itemListElement":[{"@type":"ListItem","position":1,"name":"Accueil","item":"https:\/\/littlevenise.fr\/"},{"@type":"ListItem","position":2,"name":"Communication Publique"}]},{"@type":"WebSite","@id":"https:\/\/littlevenise.fr\/#website","url":"https:\/\/littlevenise.fr\/","name":"Agence de publicit\u00e9 et studio de cr\u00e9ation - Little Venise - Castres","description":"Des id\u00e9es pour vous d\u00e9marquer.","publisher":{"@id":"https:\/\/littlevenise.fr\/#organization"},"potentialAction":[{"@type":"SearchAction","target":{"@type":"EntryPoint","urlTemplate":"https:\/\/littlevenise.fr\/?s={search_term_string}"},"query-input":{"@type":"PropertyValueSpecification","valueRequired":true,"valueName":"search_term_string"}}],"inLanguage":"fr-FR"},{"@type":"Organization","@id":"https:\/\/littlevenise.fr\/#organization","name":"Little Venise","url":"https:\/\/littlevenise.fr\/","logo":{"@type":"ImageObject","inLanguage":"fr-FR","@id":"https:\/\/littlevenise.fr\/#\/schema\/logo\/image\/","url":"https:\/\/littlevenise.fr\/wp-content\/uploads\/2025\/02\/512x512-LITTLE-VENISE-V4.jpg","contentUrl":"https:\/\/littlevenise.fr\/wp-content\/uploads\/2025\/02\/512x512-LITTLE-VENISE-V4.jpg","width":512,"height":512,"caption":"Little Venise"},"image":{"@id":"https:\/\/littlevenise.fr\/#\/schema\/logo\/image\/"},"sameAs":["https:\/\/www.facebook.com\/profile.php?id=61571976762357","https:\/\/www.instagram.com\/little_venise\/","https:\/\/www.linkedin.com\/company\/little-venise\/about\/?viewAsMember=true"]}]}},"jetpack_sharing_enabled":true,"jetpack_likes_enabled":true,"_links":{"self":[{"href":"https:\/\/littlevenise.fr\/index.php\/wp-json\/wp\/v2\/pages\/3778","targetHints":{"allow":["GET"]}}],"collection":[{"href":"https:\/\/littlevenise.fr\/index.php\/wp-json\/wp\/v2\/pages"}],"about":[{"href":"https:\/\/littlevenise.fr\/index.php\/wp-json\/wp\/v2\/types\/page"}],"author":[{"embeddable":true,"href":"https:\/\/littlevenise.fr\/index.php\/wp-json\/wp\/v2\/users\/2"}],"replies":[{"embeddable":true,"href":"https:\/\/littlevenise.fr\/index.php\/wp-json\/wp\/v2\/comments?post=3778"}],"version-history":[{"count":0,"href":"https:\/\/littlevenise.fr\/index.php\/wp-json\/wp\/v2\/pages\/3778\/revisions"}],"wp:featuredmedia":[{"embeddable":true,"href":"https:\/\/littlevenise.fr\/index.php\/wp-json\/wp\/v2\/media\/3760"}],"wp:attachment":[{"href":"https:\/\/littlevenise.fr\/index.php\/wp-json\/wp\/v2\/media?parent=3778"}],"curies":[{"name":"wp","href":"https:\/\/api.w.org\/{rel}","templated":true}]}}